{"id":20,"date":"2019-08-26T08:54:33","date_gmt":"2019-08-26T08:54:33","guid":{"rendered":"http:\/\/mohr-osteopathie.de\/?page_id=20"},"modified":"2025-07-30T07:24:31","modified_gmt":"2025-07-30T07:24:31","slug":"behandlungsablauf","status":"publish","type":"page","link":"https:\/\/mohr-osteopathie.de\/?page_id=20","title":{"rendered":"Behandlungsablauf"},"content":{"rendered":"\t\t<div data-elementor-type=\"wp-post\" data-elementor-id=\"20\" class=\"elementor elementor-20\">\n\t\t\t\t\t\t<section class=\"elementor-section elementor-top-section elementor-element elementor-element-7d07159 elementor-section-stretched elementor-section-boxed elementor-section-height-default elementor-section-height-default\" data-id=\"7d07159\" data-element_type=\"section\" data-e-type=\"section\" data-settings=\"{&quot;stretch_section&quot;:&quot;section-stretched&quot;}\">\n\t\t\t\t\t\t<div class=\"elementor-container elementor-column-gap-default\">\n\t\t\t\t\t<div class=\"elementor-column elementor-col-100 elementor-top-column elementor-element elementor-element-b28a1f3\" data-id=\"b28a1f3\" data-element_type=\"column\" data-e-type=\"column\">\n\t\t\t<div class=\"elementor-widget-wrap elementor-element-populated\">\n\t\t\t\t\t\t<div class=\"elementor-element elementor-element-6318ec0 elementor-widget elementor-widget-text-editor\" data-id=\"6318ec0\" data-element_type=\"widget\" data-e-type=\"widget\" data-widget_type=\"text-editor.default\">\n\t\t\t\t<div class=\"elementor-widget-container\">\n\t\t\t\t\t\t\t\t\t<h4><span style=\"color: #0d96ff;\"><strong>Behandlungsablauf<\/strong><\/span><\/h4><p>\u00a0<\/p><h5>In der ersten Behandlung erfolgt eine ausf\u00fchrliche Anamnese.<\/h5><h5>Der Patient wird zu seinen k\u00f6rperlichen Beschwerden und zu seinem pers\u00f6nlichen Umfeld befragt, um so Zusammenh\u00e4nge erkennen zu k\u00f6nnen.<\/h5><h5>Anschlie\u00dfend erfolgt ein sorgf\u00e4ltiger Tastbefund des K\u00f6rpers.<\/h5><h5>\u00a0<\/h5><h5>Die Diagnostik und die Behandlung erfolgt ausschlie\u00dflich mit den H\u00e4nden und beinhalten neben der Wirbels\u00e4ule und den Gelenken auch die inneren Organe, den Kopf und das Nervensystem. Durch die osteopathische Behandlung werden die Selbstheilungskr\u00e4fte des K\u00f6rpers intensiv angeregt.<\/h5><h5>\u00a0<\/h5><h5>Um alle Gewebe Schicht f\u00fcr Schicht zu ertasten und mit speziellen osteopathischen Techniken zu behandeln, nehme ich mir 45 &#8211; 55 Minuten Zeit f\u00fcr Sie.<\/h5><h5>\u00a0<\/h5><h5>Da ihr K\u00f6rper ca. 2 bis 3 Wochen auf die erste osteopathische Behandlung reagiert, kann zun\u00e4chst eine Erstverschlimmerung der Symptome auftreten oder alte Beschwerden wieder erscheinen. Beides ist aus osteopathischer Sicht als positiv zu bewerten.<\/h5><h5>\u00a0<\/h5><h5>Eine erneute Behandlung ist meist erst nach dieser Zeit n\u00f6tig. Im weiteren Verlauf werden sich die Abst\u00e4nde zwischen den Behandlungen immer weiter vergr\u00f6\u00dfern.<\/h5><h5>\u00a0<\/h5><h5>Da jeder Mensch individuell verschieden ist, kann es sein, dass zwei Menschen mit \u00e4hnlichen Symptomen ganz unterschiedlich behandelt werden<\/h5>\t\t\t\t\t\t\t\t<\/div>\n\t\t\t\t<\/div>\n\t\t\t\t\t<\/div>\n\t\t<\/div>\n\t\t\t\t\t<\/div>\n\t\t<\/section>\n\t\t\t\t<\/div>\n\t\t","protected":false},"excerpt":{"rendered":"<p>Behandlungsablauf \u00a0 In der ersten Behandlung erfolgt eine ausf\u00fchrliche Anamnese. Der Patient wird zu seinen k\u00f6rperlichen Beschwerden und zu seinem pers\u00f6nlichen Umfeld befragt, um so Zusammenh\u00e4nge erkennen zu k\u00f6nnen. Anschlie\u00dfend erfolgt ein sorgf\u00e4ltiger Tastbefund des K\u00f6rpers. \u00a0 Die Diagnostik und &hellip; <a href=\"https:\/\/mohr-osteopathie.de\/?page_id=20\">Weiter<\/a><\/p>\n","protected":false},"author":1,"featured_media":0,"parent":0,"menu_order":0,"comment_status":"closed","ping_status":"closed","template":"","meta":{"footnotes":""},"class_list":["post-20","page","type-page","status-publish","hentry"],"_links":{"self":[{"href":"https:\/\/mohr-osteopathie.de\/index.php?rest_route=\/wp\/v2\/pages\/20","targetHints":{"allow":["GET"]}}],"collection":[{"href":"https:\/\/mohr-osteopathie.de\/index.php?rest_route=\/wp\/v2\/pages"}],"about":[{"href":"https:\/\/mohr-osteopathie.de\/index.php?rest_route=\/wp\/v2\/types\/page"}],"author":[{"embeddable":true,"href":"https:\/\/mohr-osteopathie.de\/index.php?rest_route=\/wp\/v2\/users\/1"}],"replies":[{"embeddable":true,"href":"https:\/\/mohr-osteopathie.de\/index.php?rest_route=%2Fwp%2Fv2%2Fcomments&post=20"}],"version-history":[{"count":19,"href":"https:\/\/mohr-osteopathie.de\/index.php?rest_route=\/wp\/v2\/pages\/20\/revisions"}],"predecessor-version":[{"id":419,"href":"https:\/\/mohr-osteopathie.de\/index.php?rest_route=\/wp\/v2\/pages\/20\/revisions\/419"}],"wp:attachment":[{"href":"https:\/\/mohr-osteopathie.de\/index.php?rest_route=%2Fwp%2Fv2%2Fmedia&parent=20"}],"curies":[{"name":"wp","href":"https:\/\/api.w.org\/{rel}","templated":true}]}}