{"id":22,"date":"2019-08-26T08:54:48","date_gmt":"2019-08-26T08:54:48","guid":{"rendered":"http:\/\/mohr-osteopathie.de\/?page_id=22"},"modified":"2025-07-30T07:24:02","modified_gmt":"2025-07-30T07:24:02","slug":"kosten-erstattung","status":"publish","type":"page","link":"https:\/\/mohr-osteopathie.de\/?page_id=22","title":{"rendered":"Kosten und Erstattung"},"content":{"rendered":"\t\t<div data-elementor-type=\"wp-post\" data-elementor-id=\"22\" class=\"elementor elementor-22\">\n\t\t\t\t\t\t<section class=\"elementor-section elementor-top-section elementor-element elementor-element-47ada62 elementor-section-stretched elementor-section-boxed elementor-section-height-default elementor-section-height-default\" data-id=\"47ada62\" data-element_type=\"section\" data-e-type=\"section\" data-settings=\"{&quot;stretch_section&quot;:&quot;section-stretched&quot;}\">\n\t\t\t\t\t\t<div class=\"elementor-container elementor-column-gap-default\">\n\t\t\t\t\t<div class=\"elementor-column elementor-col-100 elementor-top-column elementor-element elementor-element-fbf16ee\" data-id=\"fbf16ee\" data-element_type=\"column\" data-e-type=\"column\">\n\t\t\t<div class=\"elementor-widget-wrap elementor-element-populated\">\n\t\t\t\t\t\t<div class=\"elementor-element elementor-element-bebec5d elementor-widget elementor-widget-text-editor\" data-id=\"bebec5d\" data-element_type=\"widget\" data-e-type=\"widget\" data-widget_type=\"text-editor.default\">\n\t\t\t\t<div class=\"elementor-widget-container\">\n\t\t\t\t\t\t\t\t\t<h4><span style=\"color: #0d96ff;\"><strong>Kosten und Erstattung<\/strong><\/span><\/h4><h5>Eine osteopathische Behandlung dauert 40 &#8211; 50 Minuten.<\/h5><h5>Die Kosten betragen 100-110 Euro.<\/h5><h5>\u00a0<\/h5><h5>Seit 2012 bezuschussen viele gesetzliche Krankenkassen osteopathische Behandlungen. Eine aktuelle \u00dcbersicht hierzu finden Sie HIER:<\/h5><h5><span style=\"text-decoration: underline;\"><a href=\"https:\/\/www.osteopathie.de\/krankenkassenliste\"><span style=\"color: #0d96ff; text-decoration: underline;\">https:\/\/www.osteopathie.de\/krankenkassenliste<\/span><\/a><\/span><\/h5><h5>\u00a0<\/h5><h5>Private Krankenkassen \u00fcbernehmen, je nach Anbieter und Vertrag, die Kosten.<\/h5><h5>Die Rechnung wird nach der Geb\u00fchrenordnung f\u00fcr Heilpraktiker (Geb\u00fcH) erstellt.<\/h5><h5>\u00a0<\/h5><h5>Voraussetzung daf\u00fcr ist, dass die osteopathische Behandlung durch einen Arzt empfohlen wird oder ein Privatrezept vorliegt. Um sicherzustellen, dass die Patienten eine qualit\u00e4tsgesicherte Therapie erhalten, verlangen einige Krankenkassen zudem den Nachweis, dass der Leistungserbringer Mitglied eines Berufsverbandes der Osteopathen ist und eine osteopathische Ausbildung absolviert hat (mind. 1350 Stunden).<\/h5><h5>\u00a0<\/h5><h5><strong>Durch meine erfolgreiche Ausbildung am College Sutherland <\/strong><\/h5><h5><strong>in Wiesbaden-Schlangenbad und der Mitgliedschaft im <\/strong><\/h5><h5><strong>VOD\u00a0(Verband der Osteopathin Deutschland e.V.) <\/strong><\/h5><h5><strong>erf\u00fclle ich damit die Voraussetzung.<\/strong><\/h5><h5>\u00a0<\/h5><h5><strong><u>Bitte informieren Sie sich im Vorfeld direkt bei Ihrer Krankenkasse.<\/u><\/strong><\/h5><h5>\u00a0<\/h5>\t\t\t\t\t\t\t\t<\/div>\n\t\t\t\t<\/div>\n\t\t\t\t\t<\/div>\n\t\t<\/div>\n\t\t\t\t\t<\/div>\n\t\t<\/section>\n\t\t\t\t<\/div>\n\t\t","protected":false},"excerpt":{"rendered":"<p>Kosten und Erstattung Eine osteopathische Behandlung dauert 40 &#8211; 50 Minuten. Die Kosten betragen 100-110 Euro. \u00a0 Seit 2012 bezuschussen viele gesetzliche Krankenkassen osteopathische Behandlungen. Eine aktuelle \u00dcbersicht hierzu finden Sie HIER: https:\/\/www.osteopathie.de\/krankenkassenliste \u00a0 Private Krankenkassen \u00fcbernehmen, je nach Anbieter &hellip; <a href=\"https:\/\/mohr-osteopathie.de\/?page_id=22\">Weiter<\/a><\/p>\n","protected":false},"author":1,"featured_media":0,"parent":0,"menu_order":0,"comment_status":"closed","ping_status":"closed","template":"","meta":{"footnotes":""},"class_list":["post-22","page","type-page","status-publish","hentry"],"_links":{"self":[{"href":"https:\/\/mohr-osteopathie.de\/index.php?rest_route=\/wp\/v2\/pages\/22","targetHints":{"allow":["GET"]}}],"collection":[{"href":"https:\/\/mohr-osteopathie.de\/index.php?rest_route=\/wp\/v2\/pages"}],"about":[{"href":"https:\/\/mohr-osteopathie.de\/index.php?rest_route=\/wp\/v2\/types\/page"}],"author":[{"embeddable":true,"href":"https:\/\/mohr-osteopathie.de\/index.php?rest_route=\/wp\/v2\/users\/1"}],"replies":[{"embeddable":true,"href":"https:\/\/mohr-osteopathie.de\/index.php?rest_route=%2Fwp%2Fv2%2Fcomments&post=22"}],"version-history":[{"count":28,"href":"https:\/\/mohr-osteopathie.de\/index.php?rest_route=\/wp\/v2\/pages\/22\/revisions"}],"predecessor-version":[{"id":416,"href":"https:\/\/mohr-osteopathie.de\/index.php?rest_route=\/wp\/v2\/pages\/22\/revisions\/416"}],"wp:attachment":[{"href":"https:\/\/mohr-osteopathie.de\/index.php?rest_route=%2Fwp%2Fv2%2Fmedia&parent=22"}],"curies":[{"name":"wp","href":"https:\/\/api.w.org\/{rel}","templated":true}]}}