{"id":31,"date":"2019-08-26T08:56:22","date_gmt":"2019-08-26T08:56:22","guid":{"rendered":"http:\/\/mohr-osteopathie.de\/?page_id=31"},"modified":"2025-07-30T07:23:38","modified_gmt":"2025-07-30T07:23:38","slug":"ueber-mich","status":"publish","type":"page","link":"https:\/\/mohr-osteopathie.de\/?page_id=31","title":{"rendered":"\u00dcber Mich"},"content":{"rendered":"\t\t<div data-elementor-type=\"wp-post\" data-elementor-id=\"31\" class=\"elementor elementor-31\">\n\t\t\t\t\t\t<section class=\"elementor-section elementor-top-section elementor-element elementor-element-34abc35 elementor-section-stretched elementor-section-boxed elementor-section-height-default elementor-section-height-default\" data-id=\"34abc35\" data-element_type=\"section\" data-e-type=\"section\" data-settings=\"{&quot;stretch_section&quot;:&quot;section-stretched&quot;}\">\n\t\t\t\t\t\t<div class=\"elementor-container elementor-column-gap-default\">\n\t\t\t\t\t<div class=\"elementor-column elementor-col-100 elementor-top-column elementor-element elementor-element-af589e4\" data-id=\"af589e4\" data-element_type=\"column\" data-e-type=\"column\">\n\t\t\t<div class=\"elementor-widget-wrap elementor-element-populated\">\n\t\t\t\t\t\t<section class=\"elementor-section elementor-inner-section elementor-element elementor-element-edea91c elementor-section-boxed elementor-section-height-default elementor-section-height-default\" data-id=\"edea91c\" data-element_type=\"section\" data-e-type=\"section\">\n\t\t\t\t\t\t<div class=\"elementor-container elementor-column-gap-default\">\n\t\t\t\t\t<div class=\"elementor-column elementor-col-50 elementor-inner-column elementor-element elementor-element-f7470f6\" data-id=\"f7470f6\" data-element_type=\"column\" data-e-type=\"column\">\n\t\t\t<div class=\"elementor-widget-wrap elementor-element-populated\">\n\t\t\t\t\t\t<div class=\"elementor-element elementor-element-8ee37b6 elementor-widget elementor-widget-text-editor\" data-id=\"8ee37b6\" data-element_type=\"widget\" data-e-type=\"widget\" data-widget_type=\"text-editor.default\">\n\t\t\t\t<div class=\"elementor-widget-container\">\n\t\t\t\t\t\t\t\t\t<h5>Seit 2012 lebe ich mit meiner Frau und meinen 3 Kindern in Hochheim am Main. Geb\u00fcrtig stamme ich aus Fl\u00f6rsheim &#8211; Wicker. Nach meinem Schulabschluss und einem 1-J\u00e4hrigen Auslandsaufenthalt in Australien, schloss ich meine Ausbildung zum Physiotherapeuten in Marburg ab.<\/h5>\n<h5>Bereits da, hat mich die Osteopathie sehr begeistert.<\/h5>\n<h5>Die Osteopathie-Ausbildung am College Sutherland in Wiesbaden \u2013 Schlangenbad absolvierte ich berufsbegleitend von 2014-2018.<\/h5>\n<h5>Meine Heilpraktikererlaubnis habe ich im November 2018 erworben. Seit Februar 2019 bin ich mit meiner Naturheilpraxis f\u00fcr Osteopathie selbstst\u00e4ndig. Stetig bilde ich mich f\u00fcr Sie fort.<\/h5>\t\t\t\t\t\t\t\t<\/div>\n\t\t\t\t<\/div>\n\t\t\t\t\t<\/div>\n\t\t<\/div>\n\t\t\t\t<div class=\"elementor-column elementor-col-50 elementor-inner-column elementor-element elementor-element-3375bba\" data-id=\"3375bba\" data-element_type=\"column\" data-e-type=\"column\">\n\t\t\t<div class=\"elementor-widget-wrap elementor-element-populated\">\n\t\t\t\t\t\t<div class=\"elementor-element elementor-element-ebf0af0 elementor-widget elementor-widget-image\" data-id=\"ebf0af0\" data-element_type=\"widget\" data-e-type=\"widget\" data-widget_type=\"image.default\">\n\t\t\t\t<div class=\"elementor-widget-container\">\n\t\t\t\t\t\t\t\t\t\t\t\t\t\t\t<img fetchpriority=\"high\" decoding=\"async\" width=\"209\" height=\"300\" src=\"https:\/\/mohr-osteopathie.de\/wp-content\/uploads\/2019\/11\/Mohr-bild-neu-209x300.png\" class=\"attachment-medium size-medium wp-image-241\" alt=\"\" srcset=\"https:\/\/mohr-osteopathie.de\/wp-content\/uploads\/2019\/11\/Mohr-bild-neu-209x300.png 209w, https:\/\/mohr-osteopathie.de\/wp-content\/uploads\/2019\/11\/Mohr-bild-neu.png 393w\" sizes=\"(max-width: 209px) 100vw, 209px\" \/>\t\t\t\t\t\t\t\t\t\t\t\t\t\t\t<\/div>\n\t\t\t\t<\/div>\n\t\t\t\t\t<\/div>\n\t\t<\/div>\n\t\t\t\t\t<\/div>\n\t\t<\/section>\n\t\t\t\t\t<\/div>\n\t\t<\/div>\n\t\t\t\t\t<\/div>\n\t\t<\/section>\n\t\t\t\t<section class=\"elementor-section elementor-top-section elementor-element elementor-element-1b89821 elementor-section-stretched elementor-section-boxed elementor-section-height-default elementor-section-height-default\" data-id=\"1b89821\" data-element_type=\"section\" data-e-type=\"section\" data-settings=\"{&quot;stretch_section&quot;:&quot;section-stretched&quot;}\">\n\t\t\t\t\t\t<div class=\"elementor-container elementor-column-gap-default\">\n\t\t\t\t\t<div class=\"elementor-column elementor-col-100 elementor-top-column elementor-element elementor-element-99353a7\" data-id=\"99353a7\" data-element_type=\"column\" data-e-type=\"column\">\n\t\t\t<div class=\"elementor-widget-wrap elementor-element-populated\">\n\t\t\t\t\t\t<section class=\"elementor-section elementor-inner-section elementor-element elementor-element-b86ea71 elementor-section-boxed elementor-section-height-default elementor-section-height-default\" data-id=\"b86ea71\" data-element_type=\"section\" data-e-type=\"section\">\n\t\t\t\t\t\t<div class=\"elementor-container elementor-column-gap-default\">\n\t\t\t\t\t<div class=\"elementor-column elementor-col-50 elementor-inner-column elementor-element elementor-element-92cdbad\" data-id=\"92cdbad\" data-element_type=\"column\" data-e-type=\"column\">\n\t\t\t<div class=\"elementor-widget-wrap elementor-element-populated\">\n\t\t\t\t\t\t<div class=\"elementor-element elementor-element-27bfa6b elementor-widget elementor-widget-text-editor\" data-id=\"27bfa6b\" data-element_type=\"widget\" data-e-type=\"widget\" data-widget_type=\"text-editor.default\">\n\t\t\t\t<div class=\"elementor-widget-container\">\n\t\t\t\t\t\t\t\t\t<h5>&#8211; 2025 Eine Reise durch das viszerale System &#8211; Viszerale Integration \/ Modul 1- Abdominale Kavit\u00e4t (College Sutherland)<\/h5><h5>&#8211; 2024 Der Knochen, das bestgeh\u00fctete Geheimnis (School of Bones Jo Buekens)<\/h5><h5>&#8211; 2023 Osteo Intensiv- Die Schulter (IFAO)<\/h5><h5>&#8211; 2023 Cranio-Sacrale-Therapie (Upledger Institutes Deutschland)<\/h5><h5>&#8211; 2022 Methodologie-Seminar (Akademie f\u00fcr Osteopathie)<\/h5><h5>&#8211; 2021 General Osteopathic Treatment 2.0 &#8211; GOT, Theorie und Praxis<\/h5><h5>&#8211; 2021 Refresher-Kurs: Wirbels\u00e4ule\/Becken\/Extremit\u00e4ten Amerikanische Chiropraktik nach L.Dean Kirchner D.C<\/h5><h5>&#8211; 2020 Das Kiefergelenk im Mittelpunkt Teil 1 und 2 IFAO Bad D\u00fcrkheim<\/h5><h5>&#8211; 2020 Amerikanische Chiropraktik am Deutschen Institut f\u00fcr spezifische Chiropraktik<\/h5><h5>&#8211; Grundlagen\/Philosophie<\/h5><h5>&#8211; Modul A-Wirbels\u00e4ulenkurs<\/h5><h5>&#8211; Extremit\u00e4tenkurs<\/h5><h5>&#8211; Modul-B Aufbaukurs &amp;TST<\/h5><h5>&#8211; 2020 Erste-Hilfe am Kind Johanniter\u00a0\u00a0<\/h5><h5>&#8211; 2019\/2020 Zweij\u00e4hrige Weiterbildung in Osteopathie bei Kindern am Osteopathie-Institut Frankfurt<\/h5><h5>&#8211; 2019 Staatliche Anerkennung zum Osteopath<\/h5><h5>&#8211; 2019 Klinische Pr\u00fcfung Hochschule Fresenius Idstein<\/h5><h5>&#8211; 2018 Erlaubnis-Urkunde Heilpraktiker<\/h5><h5>&#8211; 2016 Dynamisch Integrative Palpation (Basiskurs IEOS Marburg)<\/h5><h5>&#8211; 2014-2018 Berufsbegleitende Osteopathie Ausbildung am College Sutherland in Wiesbaden<\/h5><h5>&#8211; 2009-2012 Ausbildung zum staatlich anerkannten Physiotherapeuten<\/h5><h5>\u00a0<\/h5>\t\t\t\t\t\t\t\t<\/div>\n\t\t\t\t<\/div>\n\t\t\t\t\t<\/div>\n\t\t<\/div>\n\t\t\t\t<div class=\"elementor-column elementor-col-50 elementor-inner-column elementor-element elementor-element-6d5678f\" data-id=\"6d5678f\" data-element_type=\"column\" data-e-type=\"column\">\n\t\t\t<div class=\"elementor-widget-wrap elementor-element-populated\">\n\t\t\t\t\t\t\t<\/div>\n\t\t<\/div>\n\t\t\t\t\t<\/div>\n\t\t<\/section>\n\t\t\t\t\t<\/div>\n\t\t<\/div>\n\t\t\t\t\t<\/div>\n\t\t<\/section>\n\t\t\t\t<\/div>\n\t\t","protected":false},"excerpt":{"rendered":"<p>Seit 2012 lebe ich mit meiner Frau und meinen 3 Kindern in Hochheim am Main. Geb\u00fcrtig stamme ich aus Fl\u00f6rsheim &#8211; Wicker. Nach meinem Schulabschluss und einem 1-J\u00e4hrigen Auslandsaufenthalt in Australien, schloss ich meine Ausbildung zum Physiotherapeuten in Marburg ab. &hellip; <a href=\"https:\/\/mohr-osteopathie.de\/?page_id=31\">Weiter<\/a><\/p>\n","protected":false},"author":1,"featured_media":0,"parent":0,"menu_order":0,"comment_status":"closed","ping_status":"closed","template":"","meta":{"footnotes":""},"class_list":["post-31","page","type-page","status-publish","hentry"],"_links":{"self":[{"href":"https:\/\/mohr-osteopathie.de\/index.php?rest_route=\/wp\/v2\/pages\/31","targetHints":{"allow":["GET"]}}],"collection":[{"href":"https:\/\/mohr-osteopathie.de\/index.php?rest_route=\/wp\/v2\/pages"}],"about":[{"href":"https:\/\/mohr-osteopathie.de\/index.php?rest_route=\/wp\/v2\/types\/page"}],"author":[{"embeddable":true,"href":"https:\/\/mohr-osteopathie.de\/index.php?rest_route=\/wp\/v2\/users\/1"}],"replies":[{"embeddable":true,"href":"https:\/\/mohr-osteopathie.de\/index.php?rest_route=%2Fwp%2Fv2%2Fcomments&post=31"}],"version-history":[{"count":36,"href":"https:\/\/mohr-osteopathie.de\/index.php?rest_route=\/wp\/v2\/pages\/31\/revisions"}],"predecessor-version":[{"id":413,"href":"https:\/\/mohr-osteopathie.de\/index.php?rest_route=\/wp\/v2\/pages\/31\/revisions\/413"}],"wp:attachment":[{"href":"https:\/\/mohr-osteopathie.de\/index.php?rest_route=%2Fwp%2Fv2%2Fmedia&parent=31"}],"curies":[{"name":"wp","href":"https:\/\/api.w.org\/{rel}","templated":true}]}}